{"id":9214,"date":"2026-04-16T08:39:01","date_gmt":"2026-04-16T06:39:01","guid":{"rendered":"https:\/\/dorstener.se\/?page_id=9214\/"},"modified":"2026-04-16T08:39:03","modified_gmt":"2026-04-16T06:39:03","slug":"kudottu-lanka-verkko-2","status":"publish","type":"page","link":"https:\/\/dorstener.se\/fi\/tuotteet\/kudottu-lanka-verkko-2\/","title":{"rendered":"Kudottu lanka verkko"},"content":{"rendered":"<div class=\"wpb-content-wrapper\"><p>[vc_row][vc_column][vc_single_image image=&#8221;9709&#8243; img_size=&#8221;full&#8221; css=&#8221;.vc_custom_1489696404283{margin-bottom: 20px !important;}&#8221; image_hovers=&#8221;false&#8221;][vc_column_text]<\/p>\n<h1>Kudottu lanka verkko<\/h1>\n<p>[\/vc_column_text][vc_row_inner][vc_column_inner css=&#8221;.vc_custom_1485090373537{margin-bottom: 20px !important;}&#8221;][vc_column_text]Me voimme toimittaa kudottua lankaverkkoa moneen eri tyyppiin. Tavallisin on yksitt\u00e4iskudottu mutta meill\u00e4 on my\u00f6s Twilled, Dutch ja Atlas\/5-heddle tyyppiset.<br \/>\nMeill\u00e4 on erinlaiset Materiaali tyypit, muun muassa ruostumaton, happoa kest\u00e4v\u00e4, tavallinen ja galvanoitu sek\u00e4 Kupari, Messinki, Pronssi ja Titaani.[\/vc_column_text][vc_empty_space][\/vc_column_inner][\/vc_row_inner][vc_row_inner disable_element=&#8221;yes&#8221;][vc_column_inner css=&#8221;.vc_custom_1485090373537{margin-bottom: 20px !important;}&#8221;][vc_column_text]<a href=\"https:\/\/www.dorstener-drahtwerke.de\/en\/meshes\/wire-cloth.html\" class=\"btn-shortcode dt-btn-m dt-btn default-btn-color default-btn-hover-color default-btn-bg-color default-btn-bg-hover-color ico-right-side\" target=\"_blank\" id=\"dt-btn-1\" rel=\"noopener\"><span>Lue lis\u00e4\u00e4 Kudottu lanka verkko<\/span><i class=\"fa fa-chevron-right\"><\/i><\/a>[\/vc_column_text][\/vc_column_inner][\/vc_row_inner][\/vc_column][\/vc_row]<\/p>\n<\/div>","protected":false},"excerpt":{"rendered":"<p>[vc_row][vc_column][vc_single_image image=&#8221;9709&#8243; img_size=&#8221;full&#8221; css=&#8221;.vc_custom_1489696404283{margin-bottom: 20px !important;}&#8221; image_hovers=&#8221;false&#8221;][vc_column_text] Kudottu lanka verkko [\/vc_column_text][vc_row_inner][vc_column_inner css=&#8221;.vc_custom_1485090373537{margin-bottom: 20px !important;}&#8221;][vc_column_text]Me voimme toimittaa kudottua lankaverkkoa moneen eri tyyppiin. Tavallisin on yksitt\u00e4iskudottu mutta meill\u00e4 on my\u00f6s Twilled, Dutch ja Atlas\/5-heddle tyyppiset. Meill\u00e4 on erinlaiset Materiaali tyypit, muun muassa ruostumaton, happoa kest\u00e4v\u00e4, tavallinen ja galvanoitu sek\u00e4 Kupari, Messinki, Pronssi ja Titaani.[\/vc_column_text][vc_empty_space][\/vc_column_inner][\/vc_row_inner][vc_row_inner disable_element=&#8221;yes&#8221;][vc_column_inner css=&#8221;.vc_custom_1485090373537{margin-bottom: 20px&hellip;<\/p>\n","protected":false},"author":1,"featured_media":0,"parent":2244,"menu_order":0,"comment_status":"closed","ping_status":"closed","template":"","meta":{"_acf_changed":false,"footnotes":""},"class_list":["post-9214","page","type-page","status-publish","hentry","description-off"],"acf":[],"_links":{"self":[{"href":"https:\/\/dorstener.se\/fi\/wp-json\/wp\/v2\/pages\/9214","targetHints":{"allow":["GET"]}}],"collection":[{"href":"https:\/\/dorstener.se\/fi\/wp-json\/wp\/v2\/pages"}],"about":[{"href":"https:\/\/dorstener.se\/fi\/wp-json\/wp\/v2\/types\/page"}],"author":[{"embeddable":true,"href":"https:\/\/dorstener.se\/fi\/wp-json\/wp\/v2\/users\/1"}],"replies":[{"embeddable":true,"href":"https:\/\/dorstener.se\/fi\/wp-json\/wp\/v2\/comments?post=9214"}],"version-history":[{"count":2,"href":"https:\/\/dorstener.se\/fi\/wp-json\/wp\/v2\/pages\/9214\/revisions"}],"predecessor-version":[{"id":10478,"href":"https:\/\/dorstener.se\/fi\/wp-json\/wp\/v2\/pages\/9214\/revisions\/10478"}],"up":[{"embeddable":true,"href":"https:\/\/dorstener.se\/fi\/wp-json\/wp\/v2\/pages\/2244"}],"wp:attachment":[{"href":"https:\/\/dorstener.se\/fi\/wp-json\/wp\/v2\/media?parent=9214"}],"curies":[{"name":"wp","href":"https:\/\/api.w.org\/{rel}","templated":true}]}}