{"id":2325,"date":"2017-09-16T16:40:00","date_gmt":"2017-09-16T14:40:00","guid":{"rendered":"https:\/\/dorstener.se\/tilaa-esitteet\/"},"modified":"2017-11-06T19:05:57","modified_gmt":"2017-11-06T18:05:57","slug":"tilaa-esitteet","status":"publish","type":"page","link":"https:\/\/dorstener.se\/fi\/tilaa-esitteet\/","title":{"rendered":"Tilaa esitteet"},"content":{"rendered":"<div class=\"wpb-content-wrapper\"><p>[vc_row margin_bottom=&#8221;-50&#8243;][vc_column width=&#8221;1\/3&#8243; offset=&#8221;vc_col-lg-4 vc_col-md-4&#8243;][vc_column_text]<\/p>\n<h3>Lataa<\/h3>\n<p>[\/vc_column_text][vc_empty_space height=&#8221;12px&#8221;][vc_column_text]Kaikki esitteet voidaan ladata pdf-muodossa.[\/vc_column_text][vc_column_text]<\/p>\n<h5>Ter\u00e4s- ja Metalliverkot<\/h5>\n<p><a href=\"https:\/\/dorstener.se\/app\/uploads\/2017\/03\/dtn_stal_metallnat.pdf\" class=\"btn-shortcode dt-btn-s dt-btn default-btn-color default-btn-hover-color default-btn-bg-color default-btn-bg-hover-color\" target=\"_blank\" id=\"dt-btn-1\" rel=\"noopener\"><i class=\"fa fa-download\"><\/i><span>Lataa<\/span><\/a>[\/vc_column_text][vc_separator el_width=&#8221;90&#8243;][vc_column_text]<\/p>\n<h5>Hitsatut verkot<\/h5>\n<p><a href=\"https:\/\/dorstener.se\/app\/uploads\/2017\/03\/dtn_svetsade_nat.pdf\" class=\"btn-shortcode dt-btn-s dt-btn default-btn-color default-btn-hover-color default-btn-bg-color default-btn-bg-hover-color\" target=\"_blank\" id=\"dt-btn-2\" rel=\"noopener\"><i class=\"fa fa-download\"><\/i><span>Lataa<\/span><\/a>[\/vc_column_text][vc_separator el_width=&#8221;90&#8243;][vc_column_text]<\/p>\n<h5>Ter\u00e4slanka<\/h5>\n<p><a href=\"https:\/\/dorstener.se\/app\/uploads\/2017\/03\/dtn_staltrad.pdf\" class=\"btn-shortcode dt-btn-s dt-btn default-btn-color default-btn-hover-color default-btn-bg-color default-btn-bg-hover-color\" target=\"_blank\" id=\"dt-btn-3\" rel=\"noopener\"><i class=\"fa fa-download\"><\/i><span>Lataa<\/span><\/a>[\/vc_column_text][vc_separator el_width=&#8221;90&#8243;][vc_column_text]<\/p>\n<h5>Ompelettu lanka<\/h5>\n<p><a href=\"https:\/\/dorstener.se\/app\/uploads\/2017\/04\/DDD_Graphic-Industry.pdf\" class=\"btn-shortcode dt-btn-s dt-btn default-btn-color default-btn-hover-color default-btn-bg-color default-btn-bg-hover-color\" target=\"_blank\" id=\"dt-btn-4\" rel=\"noopener\"><i class=\"fa fa-download\"><\/i><span>Lataa<\/span><\/a>[\/vc_column_text][vc_separator el_width=&#8221;90&#8243;][vc_column_text]<\/p>\n<h5>Kelatyypit<\/h5>\n<p><a href=\"https:\/\/dorstener.se\/app\/uploads\/2017\/04\/DDD_Spool-types.pdf\" class=\"btn-shortcode dt-btn-s dt-btn default-btn-color default-btn-hover-color default-btn-bg-color default-btn-bg-hover-color\" target=\"_blank\" id=\"dt-btn-5\" rel=\"noopener\"><i class=\"fa fa-download\"><\/i><span>Lataa<\/span><\/a>[\/vc_column_text][vc_empty_space height=&#8221;50px&#8221;][\/vc_column][vc_column width=&#8221;1\/3&#8243; offset=&#8221;vc_col-lg-4 vc_col-md-4&#8243;][vc_column_text]<\/p>\n<h3>Tilaa esitteet<\/h3>\n<p>[\/vc_column_text][vc_empty_space height=&#8221;12px&#8221;][vc_column_text]Niille, jotka haluavat viel\u00e4 selata jotain voitte tietysti tilata esitteemme. L\u00e4het\u00e4mme yleens\u00e4 1-2 p\u00e4iv\u00e4n kuluessa tilauksen vastaanottamisesta.[\/vc_column_text]\n<div class=\"wpcf7 no-js\" id=\"wpcf7-f2349-o1\" lang=\"sv-SE\" dir=\"ltr\" data-wpcf7-id=\"2349\">\n<div class=\"screen-reader-response\"><p role=\"status\" aria-live=\"polite\" aria-atomic=\"true\"><\/p> <ul><\/ul><\/div>\n<form action=\"\/fi\/wp-json\/wp\/v2\/pages\/2325#wpcf7-f2349-o1\" method=\"post\" class=\"wpcf7-form init\" aria-label=\"Kontaktformul\u00e4r\" novalidate=\"novalidate\" data-status=\"init\">\n<fieldset class=\"hidden-fields-container\"><input type=\"hidden\" name=\"_wpcf7\" value=\"2349\" \/><input type=\"hidden\" name=\"_wpcf7_version\" value=\"6.1.5\" \/><input type=\"hidden\" name=\"_wpcf7_locale\" value=\"sv_SE\" \/><input type=\"hidden\" name=\"_wpcf7_unit_tag\" value=\"wpcf7-f2349-o1\" \/><input type=\"hidden\" name=\"_wpcf7_container_post\" value=\"0\" \/><input type=\"hidden\" name=\"_wpcf7_posted_data_hash\" value=\"\" \/><input type=\"hidden\" name=\"_wpcf7_recaptcha_response\" value=\"\" \/>\n<\/fieldset>\n<p><label> Yritys*<br \/>\n<span class=\"wpcf7-form-control-wrap\" data-name=\"your-company\"><input size=\"40\" maxlength=\"400\" class=\"wpcf7-form-control wpcf7-text wpcf7-validates-as-required\" aria-required=\"true\" aria-invalid=\"false\" value=\"\" type=\"text\" name=\"your-company\" \/><\/span> <\/label>\n<\/p>\n<p><label> Yhteyshenkil\u00f6*<br \/>\n<span class=\"wpcf7-form-control-wrap\" data-name=\"your-name\"><input size=\"40\" maxlength=\"400\" class=\"wpcf7-form-control wpcf7-text wpcf7-validates-as-required\" aria-required=\"true\" aria-invalid=\"false\" value=\"\" type=\"text\" name=\"your-name\" \/><\/span> <\/label>\n<\/p>\n<p><label> Osoite*<br \/>\n<span class=\"wpcf7-form-control-wrap\" data-name=\"your-address\"><input size=\"40\" maxlength=\"400\" class=\"wpcf7-form-control wpcf7-text wpcf7-validates-as-required\" aria-required=\"true\" aria-invalid=\"false\" value=\"\" type=\"text\" name=\"your-address\" \/><\/span> <\/label>\n<\/p>\n<p><label> Postinumero*<br \/>\n<span class=\"wpcf7-form-control-wrap\" data-name=\"your-zip\"><input size=\"40\" maxlength=\"400\" class=\"wpcf7-form-control wpcf7-text wpcf7-validates-as-required\" aria-required=\"true\" aria-invalid=\"false\" value=\"\" type=\"text\" name=\"your-zip\" \/><\/span> <\/label>\n<\/p>\n<p><label> Kaupunki*<br \/>\n<span class=\"wpcf7-form-control-wrap\" data-name=\"your-city\"><input size=\"40\" maxlength=\"400\" class=\"wpcf7-form-control wpcf7-text wpcf7-validates-as-required\" aria-required=\"true\" aria-invalid=\"false\" value=\"\" type=\"text\" name=\"your-city\" \/><\/span> <\/label>\n<\/p>\n<p><label> Maa*<br \/>\n<span class=\"wpcf7-form-control-wrap\" data-name=\"your-country\"><input size=\"40\" maxlength=\"400\" class=\"wpcf7-form-control wpcf7-text wpcf7-validates-as-required\" aria-required=\"true\" aria-invalid=\"false\" value=\"\" type=\"text\" name=\"your-country\" \/><\/span> <\/label>\n<\/p>\n<p><label> S\u00e4hk\u00f6posti*<br \/>\n<span class=\"wpcf7-form-control-wrap\" data-name=\"your-email\"><input size=\"40\" maxlength=\"400\" class=\"wpcf7-form-control wpcf7-email wpcf7-validates-as-required wpcf7-text wpcf7-validates-as-email\" aria-required=\"true\" aria-invalid=\"false\" value=\"\" type=\"email\" name=\"your-email\" \/><\/span> <\/label>\n<\/p>\n<p><span class=\"wpcf7-form-control-wrap\" data-name=\"your-catalogs\"><span class=\"wpcf7-form-control wpcf7-checkbox wpcf7-validates-as-required\"><span class=\"wpcf7-list-item first\"><input type=\"checkbox\" name=\"your-catalogs[]\" value=\"Ompelettu lanka\" \/><span class=\"wpcf7-list-item-label\">Ompelettu lanka<\/span><\/span><span class=\"wpcf7-list-item\"><input type=\"checkbox\" name=\"your-catalogs[]\" value=\"Kelatyypit\" \/><span class=\"wpcf7-list-item-label\">Kelatyypit<\/span><\/span><span class=\"wpcf7-list-item\"><input type=\"checkbox\" name=\"your-catalogs[]\" value=\"Ter\u00e4s- ja Metalliverkot\" \/><span class=\"wpcf7-list-item-label\">Ter\u00e4s- ja Metalliverkot<\/span><\/span><span class=\"wpcf7-list-item\"><input type=\"checkbox\" name=\"your-catalogs[]\" value=\"Hitsatut verkot\" \/><span class=\"wpcf7-list-item-label\">Hitsatut verkot<\/span><\/span><span class=\"wpcf7-list-item last\"><input type=\"checkbox\" name=\"your-catalogs[]\" value=\"Ter\u00e4slanka\" \/><span class=\"wpcf7-list-item-label\">Ter\u00e4slanka<\/span><\/span><\/span><\/span>\n<\/p>\n\n<p><input class=\"wpcf7-form-control wpcf7-submit has-spinner\" type=\"submit\" value=\"L\u00e4hett\u00e4\u00e4\" \/>\n<\/p><div class=\"wpcf7-response-output\" aria-hidden=\"true\"><\/div>\n<\/form>\n<\/div>\n[vc_empty_space height=&#8221;50px&#8221;][\/vc_column][vc_column width=&#8221;1\/3&#8243;][vc_column_text]<\/p>\n<h3>Kysymyksi\u00e4?<\/h3>\n<p>[\/vc_column_text][vc_empty_space height=&#8221;12px&#8221;][vc_column_text]Soita tai l\u00e4het\u00e4 s\u00e4hk\u00f6postia ja me autamme mielell\u00e4mme sinua!<\/p>\n<p><strong>Dorstener Tr\u00e5d Norden AB<\/strong><br \/>\nBergslagsv\u00e4gen 22<br \/>\n612 37 Finsp\u00e5ng<br \/>\n<i class=\"icon-phone\"><\/i><a href=\"tel:+4612214300\">+46 122-143 00<\/a><br \/>\n<i class=\"icon-mail\"><\/i><a href=\"mailto:dorstener@dorstener.se\">dorstener@dorstener.se<\/a>[\/vc_column_text][vc_empty_space height=&#8221;50px&#8221;][\/vc_column][\/vc_row]<\/p>\n<\/div>","protected":false},"excerpt":{"rendered":"<p>[vc_row margin_bottom=&#8221;-50&#8243;][vc_column width=&#8221;1\/3&#8243; offset=&#8221;vc_col-lg-4 vc_col-md-4&#8243;][vc_column_text] Lataa [\/vc_column_text][vc_empty_space height=&#8221;12px&#8221;][vc_column_text]Kaikki esitteet voidaan ladata pdf-muodossa.[\/vc_column_text][vc_column_text] Ter\u00e4s- ja Metalliverkot [\/vc_column_text][vc_separator el_width=&#8221;90&#8243;][vc_column_text] Hitsatut verkot [\/vc_column_text][vc_separator el_width=&#8221;90&#8243;][vc_column_text] Ter\u00e4slanka [\/vc_column_text][vc_separator el_width=&#8221;90&#8243;][vc_column_text] Ompelettu lanka [\/vc_column_text][vc_separator el_width=&#8221;90&#8243;][vc_column_text] Kelatyypit [\/vc_column_text][vc_empty_space height=&#8221;50px&#8221;][\/vc_column][vc_column width=&#8221;1\/3&#8243; offset=&#8221;vc_col-lg-4 vc_col-md-4&#8243;][vc_column_text] Tilaa esitteet [\/vc_column_text][vc_empty_space height=&#8221;12px&#8221;][vc_column_text]Niille, jotka haluavat viel\u00e4 selata jotain voitte tietysti tilata esitteemme. L\u00e4het\u00e4mme yleens\u00e4 1-2 p\u00e4iv\u00e4n kuluessa tilauksen vastaanottamisesta.[\/vc_column_text][vc_empty_space height=&#8221;50px&#8221;][\/vc_column][vc_column&hellip;<\/p>\n","protected":false},"author":1,"featured_media":0,"parent":0,"menu_order":60,"comment_status":"closed","ping_status":"closed","template":"","meta":{"_acf_changed":false,"footnotes":""},"class_list":["post-2325","page","type-page","status-publish","hentry","description-off"],"acf":[],"_links":{"self":[{"href":"https:\/\/dorstener.se\/fi\/wp-json\/wp\/v2\/pages\/2325","targetHints":{"allow":["GET"]}}],"collection":[{"href":"https:\/\/dorstener.se\/fi\/wp-json\/wp\/v2\/pages"}],"about":[{"href":"https:\/\/dorstener.se\/fi\/wp-json\/wp\/v2\/types\/page"}],"author":[{"embeddable":true,"href":"https:\/\/dorstener.se\/fi\/wp-json\/wp\/v2\/users\/1"}],"replies":[{"embeddable":true,"href":"https:\/\/dorstener.se\/fi\/wp-json\/wp\/v2\/comments?post=2325"}],"version-history":[{"count":16,"href":"https:\/\/dorstener.se\/fi\/wp-json\/wp\/v2\/pages\/2325\/revisions"}],"predecessor-version":[{"id":2457,"href":"https:\/\/dorstener.se\/fi\/wp-json\/wp\/v2\/pages\/2325\/revisions\/2457"}],"wp:attachment":[{"href":"https:\/\/dorstener.se\/fi\/wp-json\/wp\/v2\/media?parent=2325"}],"curies":[{"name":"wp","href":"https:\/\/api.w.org\/{rel}","templated":true}]}}