{"id":2284,"date":"2017-09-16T16:07:52","date_gmt":"2017-09-16T14:07:52","guid":{"rendered":"https:\/\/dorstener.se\/tuotteet\/teraslanka\/"},"modified":"2017-09-16T17:17:59","modified_gmt":"2017-09-16T15:17:59","slug":"teraslanka","status":"publish","type":"page","link":"https:\/\/dorstener.se\/fi\/tuotteet\/teraslanka\/","title":{"rendered":"Ter\u00e4slanka"},"content":{"rendered":"<div class=\"wpb-content-wrapper\"><p>[vc_row][vc_column][vc_single_image image=&#8221;1848&#8243; img_size=&#8221;full&#8221; image_hovers=&#8221;false&#8221; css=&#8221;.vc_custom_1485090311856{margin-bottom: 20px !important;}&#8221;][vc_column_text]<\/p>\n<h1>Ter\u00e4slanka<\/h1>\n<p>[\/vc_column_text][vc_row_inner][vc_column_inner css=&#8221;.vc_custom_1485090373537{margin-bottom: 20px !important;}&#8221;][vc_column_text]Meid\u00e4n tuotevalikoimassa on matala ja korkea hiiliter\u00e4slankaa mitoissa 0,3-27mm.<br \/>\nLanka voi olla kova, vuorovaikutteinen tai pehme\u00e4 hehkutettu.<\/p>\n<p>K\u00e4ytett\u00e4viss\u00e4 olevat pintak\u00e4sittelyt on kirkas piiretty, sinkitty, kupari p\u00e4\u00e4llystetty tai forfaitu.<br \/>\nToimitamme lankaa keloilla, coils tai leikattuja kappaleita.<\/p>\n<p>Sovellukset: Vapaa leikkaus ter\u00e4slankaa, kylm\u00e4 otsake lanka, kaapelilanka jne.[\/vc_column_text][\/vc_column_inner][\/vc_row_inner][vc_empty_space][vc_column_text]<a href=\"https:\/\/www.dorstener-drahtwerke.de\/en\/wire\/industry-in-general.html\" class=\"btn-shortcode dt-btn-m dt-btn default-btn-color default-btn-hover-color default-btn-bg-color default-btn-bg-hover-color ico-right-side\" target=\"_blank\" id=\"dt-btn-1\" rel=\"noopener\"><span>Lue lis\u00e4\u00e4 Ter\u00e4slanka<\/span><i class=\"fa fa-chevron-right\"><\/i><\/a>[\/vc_column_text][\/vc_column][\/vc_row]<\/p>\n<\/div>","protected":false},"excerpt":{"rendered":"<p>[vc_row][vc_column][vc_single_image image=&#8221;1848&#8243; img_size=&#8221;full&#8221; image_hovers=&#8221;false&#8221; css=&#8221;.vc_custom_1485090311856{margin-bottom: 20px !important;}&#8221;][vc_column_text] Ter\u00e4slanka [\/vc_column_text][vc_row_inner][vc_column_inner css=&#8221;.vc_custom_1485090373537{margin-bottom: 20px !important;}&#8221;][vc_column_text]Meid\u00e4n tuotevalikoimassa on matala ja korkea hiiliter\u00e4slankaa mitoissa 0,3-27mm. Lanka voi olla kova, vuorovaikutteinen tai pehme\u00e4 hehkutettu. K\u00e4ytett\u00e4viss\u00e4 olevat pintak\u00e4sittelyt on kirkas piiretty, sinkitty, kupari p\u00e4\u00e4llystetty tai forfaitu. Toimitamme lankaa keloilla, coils tai leikattuja kappaleita. Sovellukset: Vapaa leikkaus ter\u00e4slankaa, kylm\u00e4 otsake lanka, kaapelilanka jne.[\/vc_column_text][\/vc_column_inner][\/vc_row_inner][vc_empty_space][vc_column_text][\/vc_column_text][\/vc_column][\/vc_row]<\/p>\n","protected":false},"author":1,"featured_media":0,"parent":2244,"menu_order":0,"comment_status":"closed","ping_status":"closed","template":"","meta":{"_acf_changed":false,"footnotes":""},"class_list":["post-2284","page","type-page","status-publish","hentry","description-off"],"acf":[],"_links":{"self":[{"href":"https:\/\/dorstener.se\/fi\/wp-json\/wp\/v2\/pages\/2284","targetHints":{"allow":["GET"]}}],"collection":[{"href":"https:\/\/dorstener.se\/fi\/wp-json\/wp\/v2\/pages"}],"about":[{"href":"https:\/\/dorstener.se\/fi\/wp-json\/wp\/v2\/types\/page"}],"author":[{"embeddable":true,"href":"https:\/\/dorstener.se\/fi\/wp-json\/wp\/v2\/users\/1"}],"replies":[{"embeddable":true,"href":"https:\/\/dorstener.se\/fi\/wp-json\/wp\/v2\/comments?post=2284"}],"version-history":[{"count":3,"href":"https:\/\/dorstener.se\/fi\/wp-json\/wp\/v2\/pages\/2284\/revisions"}],"predecessor-version":[{"id":2287,"href":"https:\/\/dorstener.se\/fi\/wp-json\/wp\/v2\/pages\/2284\/revisions\/2287"}],"up":[{"embeddable":true,"href":"https:\/\/dorstener.se\/fi\/wp-json\/wp\/v2\/pages\/2244"}],"wp:attachment":[{"href":"https:\/\/dorstener.se\/fi\/wp-json\/wp\/v2\/media?parent=2284"}],"curies":[{"name":"wp","href":"https:\/\/api.w.org\/{rel}","templated":true}]}}