{"id":2281,"date":"2017-09-16T16:05:33","date_gmt":"2017-09-16T14:05:33","guid":{"rendered":"https:\/\/dorstener.se\/tuotteet\/kuusikulmainen-verkko\/"},"modified":"2017-09-16T16:05:34","modified_gmt":"2017-09-16T14:05:34","slug":"kuusikulmainen-verkko","status":"publish","type":"page","link":"https:\/\/dorstener.se\/fi\/tuotteet\/kuusikulmainen-verkko\/","title":{"rendered":"Kuusikulmainen verkko"},"content":{"rendered":"<div class=\"wpb-content-wrapper\"><p>[vc_row][vc_column][vc_single_image image=&#8221;2019&#8243; img_size=&#8221;full&#8221; image_hovers=&#8221;false&#8221; css=&#8221;.vc_custom_1489696253136{margin-bottom: 20px !important;}&#8221;][vc_column_text]<\/p>\n<h1>Kuusikulmainen verkko<\/h1>\n<p>[\/vc_column_text][vc_row_inner][vc_column_inner css=&#8221;.vc_custom_1485090373537{margin-bottom: 20px !important;}&#8221;][vc_column_text]Kuusikulmaisella verkolla on monta eri k\u00e4ytt\u00f6sovellusta. Se verkko mit\u00e4 myyd\u00e4\u00e4n on parempi laatu kuin normaali \u201dkanaverkko\u201d, alempi toleranssi mittauksessa ja korkeampi kysynt\u00e4 verkossa.<br \/>\nMe toimitamme t\u00e4m\u00e4n verkon Galvanoitu, Ruostumaton tai Hapon kest\u00e4v\u00e4n ter\u00e4ksess\u00e4.[\/vc_column_text][\/vc_column_inner][\/vc_row_inner][\/vc_column][\/vc_row]<\/p>\n<\/div>","protected":false},"excerpt":{"rendered":"<p>[vc_row][vc_column][vc_single_image image=&#8221;2019&#8243; img_size=&#8221;full&#8221; image_hovers=&#8221;false&#8221; css=&#8221;.vc_custom_1489696253136{margin-bottom: 20px !important;}&#8221;][vc_column_text] Kuusikulmainen verkko [\/vc_column_text][vc_row_inner][vc_column_inner css=&#8221;.vc_custom_1485090373537{margin-bottom: 20px !important;}&#8221;][vc_column_text]Kuusikulmaisella verkolla on monta eri k\u00e4ytt\u00f6sovellusta. Se verkko mit\u00e4 myyd\u00e4\u00e4n on parempi laatu kuin normaali \u201dkanaverkko\u201d, alempi toleranssi mittauksessa ja korkeampi kysynt\u00e4 verkossa. Me toimitamme t\u00e4m\u00e4n verkon Galvanoitu, Ruostumaton tai Hapon kest\u00e4v\u00e4n ter\u00e4ksess\u00e4.[\/vc_column_text][\/vc_column_inner][\/vc_row_inner][\/vc_column][\/vc_row]<\/p>\n","protected":false},"author":1,"featured_media":0,"parent":2244,"menu_order":0,"comment_status":"closed","ping_status":"closed","template":"","meta":{"_acf_changed":false,"footnotes":""},"class_list":["post-2281","page","type-page","status-publish","hentry","description-off"],"acf":[],"_links":{"self":[{"href":"https:\/\/dorstener.se\/fi\/wp-json\/wp\/v2\/pages\/2281","targetHints":{"allow":["GET"]}}],"collection":[{"href":"https:\/\/dorstener.se\/fi\/wp-json\/wp\/v2\/pages"}],"about":[{"href":"https:\/\/dorstener.se\/fi\/wp-json\/wp\/v2\/types\/page"}],"author":[{"embeddable":true,"href":"https:\/\/dorstener.se\/fi\/wp-json\/wp\/v2\/users\/1"}],"replies":[{"embeddable":true,"href":"https:\/\/dorstener.se\/fi\/wp-json\/wp\/v2\/comments?post=2281"}],"version-history":[{"count":2,"href":"https:\/\/dorstener.se\/fi\/wp-json\/wp\/v2\/pages\/2281\/revisions"}],"predecessor-version":[{"id":2283,"href":"https:\/\/dorstener.se\/fi\/wp-json\/wp\/v2\/pages\/2281\/revisions\/2283"}],"up":[{"embeddable":true,"href":"https:\/\/dorstener.se\/fi\/wp-json\/wp\/v2\/pages\/2244"}],"wp:attachment":[{"href":"https:\/\/dorstener.se\/fi\/wp-json\/wp\/v2\/media?parent=2281"}],"curies":[{"name":"wp","href":"https:\/\/api.w.org\/{rel}","templated":true}]}}