{"id":2262,"date":"2017-09-16T15:43:19","date_gmt":"2017-09-16T13:43:19","guid":{"rendered":"https:\/\/dorstener.se\/tuotteet\/paalauslanka\/"},"modified":"2026-04-07T15:58:24","modified_gmt":"2026-04-07T13:58:24","slug":"paalauslanka-2","status":"publish","type":"page","link":"https:\/\/dorstener.se\/fi\/tuotteet\/paalauslanka-2\/","title":{"rendered":"Paalauslanka"},"content":{"rendered":"<div class=\"wpb-content-wrapper\"><p>[vc_row][vc_column][vc_row_inner][vc_column_inner css=&#8221;.vc_custom_1485077492322{margin-bottom: 20px !important;}&#8221;][vc_single_image image=&#8221;9651&#8243; img_size=&#8221;full&#8221; image_hovers=&#8221;false&#8221;][\/vc_column_inner][\/vc_row_inner][vc_column_text]<\/p>\n<h1>Paalauslanka<\/h1>\n<p>[\/vc_column_text][vc_row_inner][vc_column_inner width=&#8221;2\/3&#8243;][vc_column_text]Galvanoitu paalauslanka yksik\u00f6iden paalamine, niin kuin Arbetsmil\u00f6verketstekniset tied\u00f6t.<br \/>\nVoimme muokata langan ja kelan vaatimustesi j\u00e4lkeen.<\/p>\n<p>Lankaa tuotetaan kumppanillamme Drahtwerk St. Ingbert Saksassa.[\/vc_column_text][vc_table vc_table_theme=&#8221;classic&#8221;][14px]Data,[14px]|Halkaisija%3A,1%2C8-4%2C0%20mm|Vetolujuus%3A,550-1400%20N%2Fmm%C2%B2|Pident%C3%A4minen%3A,min.%207%25|Pakkaus%3A,Rosett%20kelaus%20600-1000%20kg[\/vc_table][vc_empty_space][vc_column_text css=&#8221;&#8221;]<a href=\"https:\/\/en.saarstahl-precision.de\/\" class=\"btn-shortcode dt-btn-m dt-btn default-btn-color default-btn-hover-color default-btn-bg-color default-btn-bg-hover-color ico-right-side\" target=\"_blank\" id=\"dt-btn-1\" rel=\"noopener\"><span>lue lis\u00e4\u00e4 paalauslanka<\/span><i class=\"fa fa-chevron-right\"><\/i><\/a>[\/vc_column_text][\/vc_column_inner][vc_column_inner width=&#8221;1\/3&#8243; offset=&#8221;vc_hidden-md vc_hidden-sm vc_hidden-xs&#8221;][\/vc_column_inner][\/vc_row_inner][\/vc_column][\/vc_row]<\/p>\n<\/div>","protected":false},"excerpt":{"rendered":"<p>[vc_row][vc_column][vc_row_inner][vc_column_inner css=&#8221;.vc_custom_1485077492322{margin-bottom: 20px !important;}&#8221;][vc_single_image image=&#8221;9651&#8243; img_size=&#8221;full&#8221; image_hovers=&#8221;false&#8221;][\/vc_column_inner][\/vc_row_inner][vc_column_text] Paalauslanka [\/vc_column_text][vc_row_inner][vc_column_inner width=&#8221;2\/3&#8243;][vc_column_text]Galvanoitu paalauslanka yksik\u00f6iden paalamine, niin kuin Arbetsmil\u00f6verketstekniset tied\u00f6t. Voimme muokata langan ja kelan vaatimustesi j\u00e4lkeen. Lankaa tuotetaan kumppanillamme Drahtwerk St. Ingbert Saksassa.[\/vc_column_text][vc_table vc_table_theme=&#8221;classic&#8221;][14px]Data,[14px]|Halkaisija%3A,1%2C8-4%2C0%20mm|Vetolujuus%3A,550-1400%20N%2Fmm%C2%B2|Pident%C3%A4minen%3A,min.%207%25|Pakkaus%3A,Rosett%20kelaus%20600-1000%20kg[\/vc_table][vc_empty_space][vc_column_text css=&#8221;&#8221;][\/vc_column_text][\/vc_column_inner][vc_column_inner width=&#8221;1\/3&#8243; offset=&#8221;vc_hidden-md vc_hidden-sm vc_hidden-xs&#8221;][\/vc_column_inner][\/vc_row_inner][\/vc_column][\/vc_row]<\/p>\n","protected":false},"author":1,"featured_media":0,"parent":2244,"menu_order":0,"comment_status":"closed","ping_status":"closed","template":"","meta":{"_acf_changed":false,"footnotes":""},"class_list":["post-2262","page","type-page","status-publish","hentry","description-off"],"acf":[],"_links":{"self":[{"href":"https:\/\/dorstener.se\/fi\/wp-json\/wp\/v2\/pages\/2262","targetHints":{"allow":["GET"]}}],"collection":[{"href":"https:\/\/dorstener.se\/fi\/wp-json\/wp\/v2\/pages"}],"about":[{"href":"https:\/\/dorstener.se\/fi\/wp-json\/wp\/v2\/types\/page"}],"author":[{"embeddable":true,"href":"https:\/\/dorstener.se\/fi\/wp-json\/wp\/v2\/users\/1"}],"replies":[{"embeddable":true,"href":"https:\/\/dorstener.se\/fi\/wp-json\/wp\/v2\/comments?post=2262"}],"version-history":[{"count":6,"href":"https:\/\/dorstener.se\/fi\/wp-json\/wp\/v2\/pages\/2262\/revisions"}],"predecessor-version":[{"id":10448,"href":"https:\/\/dorstener.se\/fi\/wp-json\/wp\/v2\/pages\/2262\/revisions\/10448"}],"up":[{"embeddable":true,"href":"https:\/\/dorstener.se\/fi\/wp-json\/wp\/v2\/pages\/2244"}],"wp:attachment":[{"href":"https:\/\/dorstener.se\/fi\/wp-json\/wp\/v2\/media?parent=2262"}],"curies":[{"name":"wp","href":"https:\/\/api.w.org\/{rel}","templated":true}]}}