{"id":2142,"date":"2017-06-11T17:10:46","date_gmt":"2017-06-11T15:10:46","guid":{"rendered":"https:\/\/dorstener.se\/?page_id=2142\/"},"modified":"2025-09-24T22:08:24","modified_gmt":"2025-09-24T20:08:24","slug":"contact","status":"publish","type":"page","link":"https:\/\/dorstener.se\/en\/contact\/","title":{"rendered":"Contact"},"content":{"rendered":"<div class=\"wpb-content-wrapper\"><p>[vc_row margin_bottom=&#8221;-50&#8243;][vc_column width=&#8221;1\/2&#8243; offset=&#8221;vc_col-lg-4 vc_col-md-4&#8243;][vc_column_text]<\/p>\n<h3>Contact information<\/h3>\n<p>[\/vc_column_text][vc_empty_space height=&#8221;12px&#8221;][vc_column_text]<strong>Dorstener Tr\u00e5d Norden AB<\/strong><br \/>\nNanolfsv\u00e4gen 3<br \/>\n612 37 Finsp\u00e5ng<br \/>\nSweden<br \/>\n<i class=\"icon-phone\"><\/i><a href=\"tel:+4612214300\">+46 122-143 00<\/a><br \/>\n<i class=\"icon-mail\"><\/i><a href=\"mailto:dorstener@dorstener.se\">dorstener@dorstener.se<\/a><\/p>\n<p><i class=\"icon-location\"><\/i>GPS: 58.7082572, 15.7658887<\/p>\n<p><strong>Export area:<\/strong> Nordic countries<br \/>\n<strong>Established:<\/strong> 1995<br \/>\n<strong>VAT Nr:<\/strong> SE 556524851401<br \/>\n<strong>Org Nr:<\/strong> 556524-8514<br \/>\n<strong>BG Nr:<\/strong> 5979-1137[\/vc_column_text][vc_empty_space height=&#8221;20px&#8221;][vc_gmaps link=&#8221;#E-8_JTNDaWZyYW1lJTIwc3JjJTNEJTIyaHR0cHMlM0ElMkYlMkZ3d3cuZ29vZ2xlLmNvbSUyRm1hcHMlMkZlbWJlZCUzRnBiJTNEJTIxMW0xOCUyMTFtMTIlMjExbTMlMjExZDEwMzYuMTUyMDM3MDM0Mjg0JTIxMmQxNS43NjQ1OTA1MzkxMjYxMjMlMjEzZDU4LjcwODExMzc4NjcxNDc2JTIxMm0zJTIxMWYwJTIxMmYwJTIxM2YwJTIxM20yJTIxMWkxMDI0JTIxMmk3NjglMjE0ZjEzLjElMjEzbTMlMjExbTIlMjExczB4NDY1OTRmZTYxMDJlNTdkNyUyNTNBMHgzOWVlYTRjM2I3MjJhMGJmJTIxMnNOYW5vbGZzdiUyNUMzJTI1QTRnZW4lMjUyMDMlMjUyQyUyNTIwNjEyJTI1MjAzNyUyNTIwRmluc3AlMjVDMyUyNUE1bmclMjE1ZTAlMjEzbTIlMjExc3N2JTIxMnNzZSUyMTR2MTc0MTU0MTA3MTk2OCUyMTVtMiUyMTFzc3YlMjEyc3NlJTIyJTIwd2lkdGglM0QlMjI2MDAlMjIlMjBoZWlnaHQlM0QlMjI0NTAlMjIlMjBzdHlsZSUzRCUyMmJvcmRlciUzQTAlM0IlMjIlMjBhbGxvd2Z1bGxzY3JlZW4lM0QlMjIlMjIlMjBsb2FkaW5nJTNEJTIybGF6eSUyMiUyMHJlZmVycmVycG9saWN5JTNEJTIybm8tcmVmZXJyZXItd2hlbi1kb3duZ3JhZGUlMjIlM0UlM0MlMkZpZnJhbWUlM0U=&#8221;][vc_empty_space height=&#8221;50px&#8221;][\/vc_column][vc_column width=&#8221;1\/2&#8243; offset=&#8221;vc_col-lg-4 vc_col-md-4&#8243;][vc_column_text]<\/p>\n<h3>Send a message<\/h3>\n<p>[\/vc_column_text][vc_empty_space height=&#8221;17px&#8221;]\n<div class=\"wpcf7 no-js\" id=\"wpcf7-f2145-o1\" lang=\"sv-SE\" dir=\"ltr\" data-wpcf7-id=\"2145\">\n<div class=\"screen-reader-response\"><p role=\"status\" aria-live=\"polite\" aria-atomic=\"true\"><\/p> <ul><\/ul><\/div>\n<form action=\"\/en\/wp-json\/wp\/v2\/pages\/2142#wpcf7-f2145-o1\" method=\"post\" class=\"wpcf7-form init\" aria-label=\"Kontaktformul\u00e4r\" novalidate=\"novalidate\" data-status=\"init\">\n<fieldset class=\"hidden-fields-container\"><input type=\"hidden\" name=\"_wpcf7\" value=\"2145\" \/><input type=\"hidden\" name=\"_wpcf7_version\" value=\"6.1.5\" \/><input type=\"hidden\" name=\"_wpcf7_locale\" value=\"sv_SE\" \/><input type=\"hidden\" name=\"_wpcf7_unit_tag\" value=\"wpcf7-f2145-o1\" \/><input type=\"hidden\" name=\"_wpcf7_container_post\" value=\"0\" \/><input type=\"hidden\" name=\"_wpcf7_posted_data_hash\" value=\"\" \/><input type=\"hidden\" name=\"_wpcf7_recaptcha_response\" value=\"\" \/>\n<\/fieldset>\n<p><label> Name*<br \/>\n<span class=\"wpcf7-form-control-wrap\" data-name=\"your-name\"><input size=\"40\" maxlength=\"400\" class=\"wpcf7-form-control wpcf7-text wpcf7-validates-as-required\" aria-required=\"true\" aria-invalid=\"false\" value=\"\" type=\"text\" name=\"your-name\" \/><\/span> <\/label>\n<\/p>\n<p><label> E-mail*<br \/>\n<span class=\"wpcf7-form-control-wrap\" data-name=\"your-email\"><input size=\"40\" maxlength=\"400\" class=\"wpcf7-form-control wpcf7-email wpcf7-validates-as-required wpcf7-text wpcf7-validates-as-email\" aria-required=\"true\" aria-invalid=\"false\" value=\"\" type=\"email\" name=\"your-email\" \/><\/span> <\/label>\n<\/p>\n<p><label> Phone<br \/>\n<span class=\"wpcf7-form-control-wrap\" data-name=\"your-phone\"><input size=\"40\" maxlength=\"400\" class=\"wpcf7-form-control wpcf7-tel wpcf7-text wpcf7-validates-as-tel\" aria-invalid=\"false\" value=\"\" type=\"tel\" name=\"your-phone\" \/><\/span> <\/label>\n<\/p>\n<p><label> Company<br \/>\n<span class=\"wpcf7-form-control-wrap\" data-name=\"your-company\"><input size=\"40\" maxlength=\"400\" class=\"wpcf7-form-control wpcf7-text\" aria-invalid=\"false\" value=\"\" type=\"text\" name=\"your-company\" \/><\/span> <\/label>\n<\/p>\n<p><label> Country<br \/>\n<span class=\"wpcf7-form-control-wrap\" data-name=\"your-country\"><input size=\"40\" maxlength=\"400\" class=\"wpcf7-form-control wpcf7-text\" aria-invalid=\"false\" value=\"\" type=\"text\" name=\"your-country\" \/><\/span> <\/label>\n<\/p>\n<p><label> Message*<br \/>\n<span class=\"wpcf7-form-control-wrap\" data-name=\"your-message\"><textarea cols=\"40\" rows=\"10\" maxlength=\"2000\" class=\"wpcf7-form-control wpcf7-textarea wpcf7-validates-as-required\" aria-required=\"true\" aria-invalid=\"false\" name=\"your-message\"><\/textarea><\/span> <\/label>\n<\/p>\n\n<p><input class=\"wpcf7-form-control wpcf7-submit has-spinner\" type=\"submit\" value=\"Send\" \/>\n<\/p><div class=\"wpcf7-response-output\" aria-hidden=\"true\"><\/div>\n<\/form>\n<\/div>\n[vc_empty_space height=&#8221;50px&#8221;][\/vc_column][vc_column width=&#8221;1\/3&#8243; offset=&#8221;vc_col-lg-4 vc_col-md-4 vc_hidden-sm vc_hidden-xs&#8221;][vc_column_text]<\/p>\n<h3>Contact persons<\/h3>\n<p>[\/vc_column_text][vc_empty_space height=&#8221;17px&#8221;][vc_column_text]<\/p>\n<h5>Henrik Lindh<\/h5>\n<p>CEO \/ Sales<\/p>\n<p><i class=\"icon-phone\"><\/i><a href=\"tel:+4612214300\">+46 122-143 00<\/a><br \/>\n<i class=\"icon-mail\"><\/i><a href=\"mailto:dorstener@dorstener.se\">dorstener@dorstener.se<\/a>[\/vc_column_text][\/vc_column][\/vc_row]<\/p>\n<\/div>","protected":false},"excerpt":{"rendered":"<p>[vc_row margin_bottom=&#8221;-50&#8243;][vc_column width=&#8221;1\/2&#8243; offset=&#8221;vc_col-lg-4 vc_col-md-4&#8243;][vc_column_text] Contact information [\/vc_column_text][vc_empty_space height=&#8221;12px&#8221;][vc_column_text]Dorstener Tr\u00e5d Norden AB Nanolfsv\u00e4gen 3 612 37 Finsp\u00e5ng Sweden +46 122-143 00 dorstener@dorstener.se GPS: 58.7082572, 15.7658887 Export area: Nordic countries Established: 1995 VAT Nr: SE 556524851401 Org Nr: 556524-8514 BG Nr: 5979-1137[\/vc_column_text][vc_empty_space height=&#8221;20px&#8221;][vc_gmaps link=&#8221;#E-8_JTNDaWZyYW1lJTIwc3JjJTNEJTIyaHR0cHMlM0ElMkYlMkZ3d3cuZ29vZ2xlLmNvbSUyRm1hcHMlMkZlbWJlZCUzRnBiJTNEJTIxMW0xOCUyMTFtMTIlMjExbTMlMjExZDEwMzYuMTUyMDM3MDM0Mjg0JTIxMmQxNS43NjQ1OTA1MzkxMjYxMjMlMjEzZDU4LjcwODExMzc4NjcxNDc2JTIxMm0zJTIxMWYwJTIxMmYwJTIxM2YwJTIxM20yJTIxMWkxMDI0JTIxMmk3NjglMjE0ZjEzLjElMjEzbTMlMjExbTIlMjExczB4NDY1OTRmZTYxMDJlNTdkNyUyNTNBMHgzOWVlYTRjM2I3MjJhMGJmJTIxMnNOYW5vbGZzdiUyNUMzJTI1QTRnZW4lMjUyMDMlMjUyQyUyNTIwNjEyJTI1MjAzNyUyNTIwRmluc3AlMjVDMyUyNUE1bmclMjE1ZTAlMjEzbTIlMjExc3N2JTIxMnNzZSUyMTR2MTc0MTU0MTA3MTk2OCUyMTVtMiUyMTFzc3YlMjEyc3NlJTIyJTIwd2lkdGglM0QlMjI2MDAlMjIlMjBoZWlnaHQlM0QlMjI0NTAlMjIlMjBzdHlsZSUzRCUyMmJvcmRlciUzQTAlM0IlMjIlMjBhbGxvd2Z1bGxzY3JlZW4lM0QlMjIlMjIlMjBsb2FkaW5nJTNEJTIybGF6eSUyMiUyMHJlZmVycmVycG9saWN5JTNEJTIybm8tcmVmZXJyZXItd2hlbi1kb3duZ3JhZGUlMjIlM0UlM0MlMkZpZnJhbWUlM0U=&#8221;][vc_empty_space height=&#8221;50px&#8221;][\/vc_column][vc_column width=&#8221;1\/2&#8243; offset=&#8221;vc_col-lg-4 vc_col-md-4&#8243;][vc_column_text] Send a message [\/vc_column_text][vc_empty_space height=&#8221;17px&#8221;][vc_empty_space height=&#8221;50px&#8221;][\/vc_column][vc_column width=&#8221;1\/3&#8243; offset=&#8221;vc_col-lg-4&hellip;<\/p>\n","protected":false},"author":1,"featured_media":0,"parent":0,"menu_order":60,"comment_status":"closed","ping_status":"closed","template":"","meta":{"_acf_changed":false,"footnotes":""},"class_list":["post-2142","page","type-page","status-publish","hentry","description-off"],"acf":[],"_links":{"self":[{"href":"https:\/\/dorstener.se\/en\/wp-json\/wp\/v2\/pages\/2142","targetHints":{"allow":["GET"]}}],"collection":[{"href":"https:\/\/dorstener.se\/en\/wp-json\/wp\/v2\/pages"}],"about":[{"href":"https:\/\/dorstener.se\/en\/wp-json\/wp\/v2\/types\/page"}],"author":[{"embeddable":true,"href":"https:\/\/dorstener.se\/en\/wp-json\/wp\/v2\/users\/1"}],"replies":[{"embeddable":true,"href":"https:\/\/dorstener.se\/en\/wp-json\/wp\/v2\/comments?post=2142"}],"version-history":[{"count":15,"href":"https:\/\/dorstener.se\/en\/wp-json\/wp\/v2\/pages\/2142\/revisions"}],"predecessor-version":[{"id":10396,"href":"https:\/\/dorstener.se\/en\/wp-json\/wp\/v2\/pages\/2142\/revisions\/10396"}],"wp:attachment":[{"href":"https:\/\/dorstener.se\/en\/wp-json\/wp\/v2\/media?parent=2142"}],"curies":[{"name":"wp","href":"https:\/\/api.w.org\/{rel}","templated":true}]}}